{"id":139,"date":"2022-01-05T09:21:15","date_gmt":"2022-01-05T08:21:15","guid":{"rendered":"http:\/\/gourmandiseshubert.com\/w\/page-daccueil\/"},"modified":"2023-12-28T09:04:22","modified_gmt":"2023-12-28T08:04:22","slug":"page-daccueil","status":"publish","type":"page","link":"https:\/\/gourmandiseshubert.com\/w\/","title":{"rendered":"Page d\u2019accueil"},"content":{"rendered":"\r\n<p style=\"text-align: center;\"><span style=\"font-size: 20px;\"><span style=\"font-family: 'Varela Round'; font-weight: bold; color: #ffffff;\"><span style=\"color: #ff0000;\">Bienvenue dans mon atelier, venez d\u00e9couvrir mes sp\u00e9cialit\u00e9s <br \/>100% SANS\u00a0<\/span><\/span><span style=\"font-family: 'Varela Round'; font-weight: bold; color: #ffffff;\"><span style=\"color: #ff0000;\">gluten, avec ou sans sucre ajouter, avec ou sans lactose.<a href=\"https:\/\/gourmandiseshubert.com\/w\/2023\/11\/21\/carte-des-fetes-2023\/\"><img loading=\"lazy\" decoding=\"async\" class=\"size-full wp-image-363 alignright\" src=\"https:\/\/gourmandiseshubert.com\/w\/wp-content\/uploads\/2023\/11\/carte23.png\" alt=\"\" width=\"220\" height=\"140\" \/><\/a><br \/><\/span><\/span><\/span><\/p>\r\n<p style=\"text-align: center;\"><span style=\"font-family: 'Varela Round'; font-weight: bold; font-size: 20px; color: #ffffff;\"><span style=\"color: #ff0000;\">\u00a0\u00a0\u00a0 Un d\u00e9lais de 8 jours pour honorer les commandes.<\/span><\/span><\/p>\r\n<p style=\"text-align: center;\">\u00a0\u00a0\u00a0\u00a0\u00a0\u00a0\u00a0\u00a0\u00a0\u00a0<span style=\"color: #ff0000;\">\u00a0\u00a0\u00a0<strong><span style=\"font-size: 20px;\"> \u00a0\u00a0 Toute commande devra \u00eatres pass\u00e9 par mail avec vos coordonn\u00e9s compl\u00e8te. <\/span><\/strong><\/span><\/p>\r\n<p><strong><span style=\"font-size: 20px; color: #ff0000;\">\u00a0\u00a0\u00a0\u00a0\u00a0\u00a0\u00a0\u00a0\u00a0\u00a0\u00a0<span style=\"color: #800000;\">\u00a0\u00a0\u00a0\u00a0\u00a0<span style=\"color: #ff0000;\"> hubert.thuillier1@laposte.net<\/span><span style=\"color: #ff0000;\">\u00a0<\/span> <\/span><\/span><\/strong><\/p>\r\n<p style=\"text-align: center;\"><span style=\"font-family: 'Varela Round'; font-weight: bold; font-size: 20px; color: #ffffff;\"><span style=\"color: #ff0000;\">\u00a0Pour toute demande particuli\u00e8re me contacter <br \/>au 06 68 37 46 62<\/span><\/span><\/p>\r\n<p style=\"text-align: center;\"><span style=\"font-size: 20px;\">\u00a0\u00a0\u00a0\u00a0\u00a0\u00a0\u00a0\u00a0\u00a0\u00a0\u00a0\u00a0\u00a0\u00a0\u00a0\u00a0\u00a0\u00a0\u00a0\u00a0\u00a0\u00a0<\/span><strong><span style=\"font-size: 20px; color: #ff0000; font-family: 'Varela Round';\"> vacances du 25\/12\/2023 au 03\/01\/20<\/span><\/strong><\/p>\r\n<!-- \/wp:paragraph -->\r\n\r\n<!-- wp:button {\"align\":\"center\"} --><!-- \/wp:button --><!-- \/wp:cover --><hr \/><!-- wp:heading {\"align\":\"center\"} -->\r\n<p>&nbsp;<\/p>\r\n<p><span style=\"color: #ffffff;\"><!-- \/wp:shortcode --> <\/span><\/p>","protected":false},"excerpt":{"rendered":"<p>Bienvenue dans mon atelier, venez d\u00e9couvrir mes sp\u00e9cialit\u00e9s 100% SANS\u00a0gluten, avec ou sans sucre ajouter, avec ou sans lactose. \u00a0\u00a0\u00a0<\/p>\n","protected":false},"author":1,"featured_media":0,"parent":0,"menu_order":0,"comment_status":"closed","ping_status":"closed","template":"","meta":{"footnotes":""},"class_list":["post-139","page","type-page","status-publish","hentry"],"_links":{"self":[{"href":"https:\/\/gourmandiseshubert.com\/w\/wp-json\/wp\/v2\/pages\/139","targetHints":{"allow":["GET"]}}],"collection":[{"href":"https:\/\/gourmandiseshubert.com\/w\/wp-json\/wp\/v2\/pages"}],"about":[{"href":"https:\/\/gourmandiseshubert.com\/w\/wp-json\/wp\/v2\/types\/page"}],"author":[{"embeddable":true,"href":"https:\/\/gourmandiseshubert.com\/w\/wp-json\/wp\/v2\/users\/1"}],"replies":[{"embeddable":true,"href":"https:\/\/gourmandiseshubert.com\/w\/wp-json\/wp\/v2\/comments?post=139"}],"version-history":[{"count":50,"href":"https:\/\/gourmandiseshubert.com\/w\/wp-json\/wp\/v2\/pages\/139\/revisions"}],"predecessor-version":[{"id":374,"href":"https:\/\/gourmandiseshubert.com\/w\/wp-json\/wp\/v2\/pages\/139\/revisions\/374"}],"wp:attachment":[{"href":"https:\/\/gourmandiseshubert.com\/w\/wp-json\/wp\/v2\/media?parent=139"}],"curies":[{"name":"wp","href":"https:\/\/api.w.org\/{rel}","templated":true}]}}