{"id":174,"date":"2022-01-05T15:40:37","date_gmt":"2022-01-05T14:40:37","guid":{"rendered":"http:\/\/gourmandiseshubert.com\/w\/?page_id=174"},"modified":"2022-01-05T15:48:56","modified_gmt":"2022-01-05T14:48:56","slug":"allergenes","status":"publish","type":"page","link":"https:\/\/gourmandiseshubert.com\/w\/allergenes\/","title":{"rendered":"Allerg\u00e8nes"},"content":{"rendered":"<h2><span style=\"color: #ffffff;\">Substances ou produits provoquant des allergies ou intol\u00e9rances<\/span><\/h2>\n<p><span style=\"color: #000000; font-family: 'Varela Round';\">Je reste \u00e0 votre disposition pour tous renseignements sur les ingr\u00e9dients utilis\u00e9s qui pourraient faire partie de cette liste et vous proposer un produit de substitution<\/span><\/p>\n<div align=\"left\"><span style=\"color: #993366; font-family: 'Varela Round';\">\u00ab Annexe IV mentionn\u00e9e \u00e0 l&rsquo;article R. 112-16-1 du code de la consommation<\/span><\/div>\n<div><span style=\"color: #993366; font-family: 'Varela Round';\">\u00a0<\/span><\/div>\n<div align=\"left\"><span style=\"color: #993366; font-family: 'Varela Round';\">1. C\u00e9r\u00e9ales contenant du gluten (\u00e0 savoir bl\u00e9, seigle, orge, avoine, \u00e9peautre, kamut ou leurs souches hybrid\u00e9es) et produits \u00e0 base de ces c\u00e9r\u00e9ales,<\/span><\/div>\n<div align=\"left\"><span style=\"color: #993366; font-family: 'Varela Round';\">\u00e0 l&rsquo;exception :<\/span><\/div>\n<div align=\"left\"><span style=\"color: #993366; font-family: 'Varela Round';\">a) Des sirops de glucose \u00e0 base de bl\u00e9, y compris le dextrose (1) ;<\/span><\/div>\n<div align=\"left\"><span style=\"color: #993366; font-family: 'Varela Round';\">b) Des maltodextrines \u00e0 base de bl\u00e9 (1) ;<\/span><\/div>\n<div align=\"left\"><span style=\"color: #993366; font-family: 'Varela Round';\">c) Des sirops de glucose \u00e0 base d&rsquo;orge ;<\/span><\/div>\n<div align=\"left\"><span style=\"color: #993366; font-family: 'Varela Round';\">d) Des c\u00e9r\u00e9ales utilis\u00e9es pour la fabrication de distillats ou d&rsquo;alcool \u00e9thylique d&rsquo;origine agricole pour les boissons spiritueuses et d&rsquo;autres boissons alcooliques.<\/span><\/div>\n<div><span style=\"color: #993366; font-family: 'Varela Round';\">\u00a0<\/span><\/div>\n<div align=\"left\"><span style=\"color: #993366; font-family: 'Varela Round';\">2. Crustac\u00e9s et produits \u00e0 base de crustac\u00e9s.<\/span><\/div>\n<div><span style=\"color: #993366; font-family: 'Varela Round';\">\u00a0<\/span><\/div>\n<div align=\"left\"><span style=\"color: #993366; font-family: 'Varela Round';\">3. \u0152ufs et produits \u00e0 base d&rsquo;\u0153ufs.<\/span><\/div>\n<div><span style=\"color: #993366; font-family: 'Varela Round';\">\u00a0<\/span><\/div>\n<div align=\"left\"><span style=\"color: #993366; font-family: 'Varela Round';\">4. Poissons et produits \u00e0 base de poissons,<\/span><\/div>\n<div align=\"left\"><span style=\"color: #993366; font-family: 'Varela Round';\">\u00e0 l&rsquo;exception :<\/span><\/div>\n<div align=\"left\"><span style=\"color: #993366; font-family: 'Varela Round';\">a) De la g\u00e9latine de poisson utilis\u00e9e comme support pour les pr\u00e9parations de vitamines ou de carot\u00e9no\u00efdes ;<\/span><\/div>\n<div align=\"left\"><span style=\"color: #993366; font-family: 'Varela Round';\">b) De la g\u00e9latine de poisson ou de l&rsquo;ichtyocolle utilis\u00e9e comme agent de clarification dans la bi\u00e8re et le vin.<\/span><\/div>\n<div><span style=\"color: #993366; font-family: 'Varela Round';\">\u00a0<\/span><\/div>\n<div align=\"left\"><span style=\"color: #993366; font-family: 'Varela Round';\">5. Arachides et produits \u00e0 base d&rsquo;arachides.<\/span><\/div>\n<div><span style=\"color: #993366; font-family: 'Varela Round';\">\u00a0<\/span><\/div>\n<div align=\"left\"><span style=\"color: #993366; font-family: 'Varela Round';\">6. Soja et produits \u00e0 base de soja,\u00a0 \u00e0 l&rsquo;exception :<\/span><\/div>\n<div align=\"left\"><span style=\"color: #993366; font-family: 'Varela Round';\">a) De l&rsquo;huile et de la graisse de soja enti\u00e8rement raffin\u00e9es (1) ;<\/span><\/div>\n<div align=\"left\"><span style=\"color: #993366; font-family: 'Varela Round';\">b) Des tocoph\u00e9rols mixtes naturels (E 306), du D-alpha-tocoph\u00e9rol naturel, de l&rsquo;ac\u00e9tate de D-alpha-tocoph\u00e9ryl naturel et du succinate de D-alpha-tocoph\u00e9ryl naturel d\u00e9riv\u00e9s du soja ;<\/span><\/div>\n<div align=\"left\"><span style=\"color: #993366; font-family: 'Varela Round';\">c) Des phytost\u00e9rols et des esters de phytost\u00e9rol d\u00e9riv\u00e9s d&rsquo;huiles v\u00e9g\u00e9tales de soja ;<\/span><\/div>\n<div align=\"left\"><span style=\"color: #993366; font-family: 'Varela Round';\">d) De l&rsquo;ester de stanol v\u00e9g\u00e9tal produit \u00e0 partir de st\u00e9rols d\u00e9riv\u00e9s d&rsquo;huiles v\u00e9g\u00e9tales de soja.<\/span><\/div>\n<div><span style=\"color: #993366; font-family: 'Varela Round';\">\u00a0<\/span><\/div>\n<div align=\"left\"><span style=\"color: #993366; font-family: 'Varela Round';\">7. Lait et produits \u00e0 base de lait (y compris le lactose), \u00e0 l&rsquo;exception :<\/span><\/div>\n<div align=\"left\"><span style=\"color: #993366; font-family: 'Varela Round';\">a) Du lactos\u00e9rum utilis\u00e9 pour la fabrication de distillats ou d&rsquo;alcool \u00e9thylique d&rsquo;origine agricole pour les boissons spiritueuses et d&rsquo;autres boissons alcooliques ;<\/span><\/div>\n<div align=\"left\"><span style=\"color: #993366; font-family: 'Varela Round';\">b) Du lactitol.<\/span><\/div>\n<div><span style=\"color: #993366; font-family: 'Varela Round';\">\u00a0<\/span><\/div>\n<div align=\"left\"><span style=\"color: #993366; font-family: 'Varela Round';\">8. Fruits \u00e0 coque, \u00e0 savoir amandes (Amygdalus communis L.), noisettes (Corylusavellana), noix (Juglans regia), noix de cajou (Anacardium occidentale), noix de p\u00e9can [Carya illinoiesis (Wangenh.) K. Koch], noix du Br\u00e9sil (Bertholletia excelsa), pistaches (Pistacia vera), noix de Macadamia et noix du Queensland (Macadamia ternifolia), et produits \u00e0 base de ces fruits,<\/span><\/div>\n<div align=\"left\"><span style=\"color: #993366; font-family: 'Varela Round';\">\u00e0 l&rsquo;exception\u00a0:<\/span><\/div>\n<div align=\"left\"><span style=\"color: #993366; font-family: 'Varela Round';\">a) Des fruits \u00e0 coque utilis\u00e9s pour la fabrication de distillats ou d&rsquo;alcool \u00e9thylique d&rsquo;origine agricole pour les boissons spiritueuses et d&rsquo;autres boissons alcooliques.<\/span><\/div>\n<div><span style=\"color: #993366; font-family: 'Varela Round';\">\u00a0<\/span><\/div>\n<div align=\"left\"><span style=\"color: #993366; font-family: 'Varela Round';\">9. C\u00e9leri et produits \u00e0 base de c\u00e9leri.<\/span><\/div>\n<div><span style=\"color: #993366; font-family: 'Varela Round';\">\u00a0<\/span><\/div>\n<div align=\"left\"><span style=\"color: #993366; font-family: 'Varela Round';\">10. Moutarde et produits \u00e0 base de moutarde.<\/span><\/div>\n<div><span style=\"color: #993366; font-family: 'Varela Round';\">\u00a0<\/span><\/div>\n<div align=\"left\"><span style=\"color: #993366; font-family: 'Varela Round';\">11. Graines de s\u00e9same et produits \u00e0 base de graines de s\u00e9same.<\/span><\/div>\n<div><span style=\"color: #993366; font-family: 'Varela Round';\">\u00a0<\/span><\/div>\n<div align=\"left\"><span style=\"color: #993366; font-family: 'Varela Round';\">12. Anhydride sulfureux et sulfites en concentrations de plus de 10 mg \/ kg ou 10 mg \/ litre exprim\u00e9es en SO2.<\/span><\/div>\n<div><span style=\"color: #993366; font-family: 'Varela Round';\">\u00a0<\/span><\/div>\n<div align=\"left\"><span style=\"color: #993366; font-family: 'Varela Round';\">13. Lupin et produits \u00e0 base de lupin.<\/span><\/div>\n<div><span style=\"color: #993366; font-family: 'Varela Round';\">\u00a0<\/span><\/div>\n<div align=\"left\"><span style=\"color: #993366; font-family: 'Varela Round';\">14. Mollusques et produits \u00e0 base de mollusques.<\/span><\/div>\n<div align=\"left\"><span style=\"color: #993366; font-family: 'Varela Round';\">Les exceptions mentionn\u00e9es aux a et b du 1 et au a du 6 s&rsquo;appliquent \u00e9galement aux produits d\u00e9riv\u00e9s, dans la mesure o\u00f9 la transformation qu&rsquo;ils ont subie n&rsquo;est pas susceptible d&rsquo;\u00e9lever le niveau d&rsquo;allerg\u00e9nicit\u00e9 \u00e9valu\u00e9 par l&rsquo;Autorit\u00e9 europ\u00e9enne de s\u00e9curit\u00e9 des aliments (European Food Safety Authority) pour le produit de base dont ils sont d\u00e9riv\u00e9s. \u00bb<\/span><\/div>\n","protected":false},"excerpt":{"rendered":"<p>Substances ou produits provoquant des allergies ou intol\u00e9rances Je reste \u00e0 votre disposition pour tous renseignements sur les ingr\u00e9dients utilis\u00e9s<\/p>\n","protected":false},"author":1,"featured_media":0,"parent":0,"menu_order":0,"comment_status":"closed","ping_status":"closed","template":"","meta":{"footnotes":""},"class_list":["post-174","page","type-page","status-publish","hentry"],"_links":{"self":[{"href":"https:\/\/gourmandiseshubert.com\/w\/wp-json\/wp\/v2\/pages\/174","targetHints":{"allow":["GET"]}}],"collection":[{"href":"https:\/\/gourmandiseshubert.com\/w\/wp-json\/wp\/v2\/pages"}],"about":[{"href":"https:\/\/gourmandiseshubert.com\/w\/wp-json\/wp\/v2\/types\/page"}],"author":[{"embeddable":true,"href":"https:\/\/gourmandiseshubert.com\/w\/wp-json\/wp\/v2\/users\/1"}],"replies":[{"embeddable":true,"href":"https:\/\/gourmandiseshubert.com\/w\/wp-json\/wp\/v2\/comments?post=174"}],"version-history":[{"count":3,"href":"https:\/\/gourmandiseshubert.com\/w\/wp-json\/wp\/v2\/pages\/174\/revisions"}],"predecessor-version":[{"id":182,"href":"https:\/\/gourmandiseshubert.com\/w\/wp-json\/wp\/v2\/pages\/174\/revisions\/182"}],"wp:attachment":[{"href":"https:\/\/gourmandiseshubert.com\/w\/wp-json\/wp\/v2\/media?parent=174"}],"curies":[{"name":"wp","href":"https:\/\/api.w.org\/{rel}","templated":true}]}}