{"id":177,"date":"2022-01-05T15:45:09","date_gmt":"2022-01-05T14:45:09","guid":{"rendered":"http:\/\/gourmandiseshubert.com\/w\/?page_id=177"},"modified":"2022-01-05T15:45:09","modified_gmt":"2022-01-05T14:45:09","slug":"mentions-legales","status":"publish","type":"page","link":"https:\/\/gourmandiseshubert.com\/w\/mentions-legales\/","title":{"rendered":"Mentions l\u00e9gales"},"content":{"rendered":"<table bgcolor=\"white\">\n<tbody>\n<tr>\n<td>\n<div class=\"wa-comp wa-text wa-bg-gradient param[grad(rgba(0,0,0,0)) border(0 #969696)] \">\n<div>\n<div align=\"left\"><span style=\"font-family: 'Varela Round';\"><strong>Webmestre<\/strong><\/span><\/div>\n<\/div>\n<\/div>\n<div class=\"wa-comp wa-text wa-bg-gradient param[grad(rgba(0,0,0,0)) border(0 #969696)] \">\n<div>\n<div align=\"left\"><span style=\"font-family: 'Varela Round';\">Hubert Thuillier<\/span><\/div>\n<div align=\"left\"><span style=\"font-family: 'Varela Round';\">les Ch&rsquo;tites Gourmandises d&rsquo;Hubert<\/span><\/div>\n<div align=\"left\"><span style=\"font-family: 'Varela Round';\">38 rue Jules Watteeuw<\/span><\/div>\n<div align=\"left\"><span style=\"font-family: 'Varela Round';\">59223 Roncq<\/span><\/div>\n<div align=\"left\"><span style=\"font-family: 'Varela Round';\">mail: hubert.thuillier1@laposte.net<\/span><\/div>\n<div align=\"left\"><span style=\"font-family: 'Varela Round';\">06 68 37 46 62<\/span><\/div>\n<div align=\"left\"><span style=\"font-family: 'Varela Round';\">SIRET : 813 944 048 00020<\/span><\/div>\n<\/div>\n<\/div>\n<div align=\"left\">\n<div align=\"left\"><\/div>\n<\/div>\n<\/td>\n<td>\n<div align=\"left\">Responsable de publication: Hubert Thuillier<\/div>\n<div align=\"left\">H\u00e9bergement OVH<\/div>\n<div align=\"left\">Site cr\u00e9\u00e9 par C.R.R.A.I.<\/div>\n<div align=\"left\">RONCQ<\/div>\n<div align=\"left\"><a href=\"http:\/\/crrai.fr\/\">http:\/\/crrai.fr<\/a><\/div>\n<div align=\"left\"><a href=\"mailto:hervedizy@free.fr\">hervedizy@free.fr<\/a><\/div>\n<div align=\"left\">\n<div align=\"left\"><\/div>\n<\/div>\n<\/td>\n<\/tr>\n<tr>\n<td colspan=\"2\">\n<div align=\"left\">M. Hubert Thuillier dispose) de moyens informatiques destin\u00e9s \u00e0 g\u00e9rer plus facilement les commandes.<\/div>\n<div><\/div>\n<div align=\"left\">Les informations enregistr\u00e9es sont r\u00e9serv\u00e9es \u00e0 l\u2019usage de M. Hubert Thuillier et ne sont communiqu\u00e9es \u00e0 personne d&rsquo;autre sauf l&rsquo;adresse mail qui est communiqu\u00e9e \u00e0 Payplug pour op\u00e9rer les op\u00e9rations de paiement. Payplug s&rsquo;est engag\u00e9 \u00e0 ne communiquer les adresses mail \u00e0 aucun autre service ou soci\u00e9t\u00e9.<\/div>\n<div><\/div>\n<div align=\"left\">Conform\u00e9ment aux articles 39 et suivants de la loi n\u00b0 78-17 du 6 janvier 1978 modifi\u00e9e en 2004 relative \u00e0 l\u2019informatique, aux fichiers et aux libert\u00e9s, toute personne peut obtenir communication et, le cas \u00e9ch\u00e9ant, rectification ou suppression des informations la concernant, en s\u2019adressant \u00e0 M. Hubert Thuillier<\/div>\n<div align=\"left\"><\/div>\n<\/td>\n<\/tr>\n<\/tbody>\n<\/table>\n","protected":false},"excerpt":{"rendered":"<p>Webmestre Hubert Thuillier les Ch&rsquo;tites Gourmandises d&rsquo;Hubert 38 rue Jules Watteeuw 59223 Roncq mail: hubert.thuillier1@laposte.net 06 68 37 46 62<\/p>\n","protected":false},"author":1,"featured_media":0,"parent":0,"menu_order":0,"comment_status":"closed","ping_status":"closed","template":"","meta":{"footnotes":""},"class_list":["post-177","page","type-page","status-publish","hentry"],"_links":{"self":[{"href":"https:\/\/gourmandiseshubert.com\/w\/wp-json\/wp\/v2\/pages\/177","targetHints":{"allow":["GET"]}}],"collection":[{"href":"https:\/\/gourmandiseshubert.com\/w\/wp-json\/wp\/v2\/pages"}],"about":[{"href":"https:\/\/gourmandiseshubert.com\/w\/wp-json\/wp\/v2\/types\/page"}],"author":[{"embeddable":true,"href":"https:\/\/gourmandiseshubert.com\/w\/wp-json\/wp\/v2\/users\/1"}],"replies":[{"embeddable":true,"href":"https:\/\/gourmandiseshubert.com\/w\/wp-json\/wp\/v2\/comments?post=177"}],"version-history":[{"count":1,"href":"https:\/\/gourmandiseshubert.com\/w\/wp-json\/wp\/v2\/pages\/177\/revisions"}],"predecessor-version":[{"id":178,"href":"https:\/\/gourmandiseshubert.com\/w\/wp-json\/wp\/v2\/pages\/177\/revisions\/178"}],"wp:attachment":[{"href":"https:\/\/gourmandiseshubert.com\/w\/wp-json\/wp\/v2\/media?parent=177"}],"curies":[{"name":"wp","href":"https:\/\/api.w.org\/{rel}","templated":true}]}}